{"id":727,"date":"2026-04-15T10:30:56","date_gmt":"2026-04-15T08:30:56","guid":{"rendered":"https:\/\/wic.fi\/?page_id=727"},"modified":"2026-04-23T08:37:27","modified_gmt":"2026-04-23T06:37:27","slug":"media-studio-2","status":"publish","type":"page","link":"https:\/\/wic.fi\/?page_id=727","title":{"rendered":"Media studio"},"content":{"rendered":"\n<div style=\"height:40px\" aria-hidden=\"true\" class=\"wp-block-spacer\"><\/div>\n\n\n\n<h1 class=\"wp-block-heading has-text-align-center\" style=\"font-size:clamp(33.419px, 2.089rem + ((1vw - 3.2px) * 2.769), 60px);\">Media studio<\/h1>\n\n\n\n<div style=\"height:30px\" aria-hidden=\"true\" class=\"wp-block-spacer\"><\/div>\n\n\n\n<p class=\"has-text-align-center\" style=\"font-size:clamp(14.082px, 0.88rem + ((1vw - 3.2px) * 0.721), 21px);\">We offer a calm,&nbsp;<strong>budget friendly video studio<\/strong>space, with all the necessary gear and support you need. Our studio is ready to service on a short notice. The studio has adjustable lighting and&nbsp;<strong>green screen<\/strong>&nbsp;for digital backgrounds. <\/p>\n\n\n\n<p class=\"has-text-align-center\" style=\"font-size:clamp(14.082px, 0.88rem + ((1vw - 3.2px) * 0.721), 21px);\">Video LOG:s, podcasts, interviews, presentations, product launches, instruction videos or simply\u00a0conference calls with an extra touch\u00a0&#8211; we can fix that!<\/p>\n\n\n\n<p class=\"has-text-align-center\" style=\"font-size:clamp(14.082px, 0.88rem + ((1vw - 3.2px) * 0.721), 21px);\"> We specialize on&nbsp;<strong>Impact Videos,<\/strong>&nbsp;focus on substance. Impact is best achieved using journalism, story-telling, design and refined production. We know the methods of <strong>cost and time-saving videoproduction<\/strong>. And we are also skilled in <strong>small multi-camera productions<\/strong>.<\/p>\n\n\n\n<p class=\"has-text-align-center\" style=\"font-size:clamp(14.082px, 0.88rem + ((1vw - 3.2px) * 0.721), 21px);\">Our current gear enables videoproduction in <strong>FullHD<\/strong> (partly upto 4K) for recordings or live web broadcasting, where the live material can be stored on a hard drive for later editing. <\/p>\n\n\n\n<p><\/p>\n\n\n\n<p class=\"has-text-align-center\" style=\"font-size:clamp(14.082px, 0.88rem + ((1vw - 3.2px) * 0.721), 21px);\">For further inquiries, contact Sami P\u00f6ntinen:<br>+358 44 310 0333<br><a href=\"mailto:sami.pontinen@wic.fi\">sami.pontinen@wic.fi<\/a><\/p>\n\n\n\n<div style=\"height:100px\" aria-hidden=\"true\" class=\"wp-block-spacer\"><\/div>\n\n\n\n<div class=\"wp-block-cover alignfull has-parallax\" style=\"min-height:400px;aspect-ratio:unset;\"><div class=\"wp-block-cover__image-background wp-image-1061 size-full has-parallax\" style=\"background-position:50% 50%;background-image:url(https:\/\/wic.fi\/wp-content\/uploads\/2026\/04\/wic_mediastudio_pic-scaled.jpg)\"><\/div><span aria-hidden=\"true\" class=\"wp-block-cover__background has-background-dim-0 has-background-dim\" style=\"background-color:#000000\"><\/span><div class=\"wp-block-cover__inner-container is-layout-flow wp-block-cover-is-layout-flow\">\n<p><\/p>\n<\/div><\/div>\n\n\n\n<div style=\"height:6px\" aria-hidden=\"true\" class=\"wp-block-spacer\"><\/div>\n\n\n\n<h1 class=\"wp-block-heading has-text-align-center\" style=\"font-size:clamp(33.419px, 2.089rem + ((1vw - 3.2px) * 2.769), 60px);\">Projects at the studio<\/h1>\n\n\n\n<div style=\"height:32px\" aria-hidden=\"true\" class=\"wp-block-spacer\"><\/div>\n\n\n\n<div class=\"wp-block-columns is-layout-flex wp-container-core-columns-is-layout-28f84493 wp-block-columns-is-layout-flex\">\n<div class=\"wp-block-column is-layout-flow wp-block-column-is-layout-flow\">\n<figure class=\"wp-block-embed is-type-video is-provider-youtube wp-block-embed-youtube wp-embed-aspect-16-9 wp-has-aspect-ratio\"><div class=\"wp-block-embed__wrapper\">\n<iframe loading=\"lazy\" title=\"A summary of WP 3 in the H2 Ecosystem Roadmap (for Ostrobothnia project)\" width=\"500\" height=\"281\" src=\"https:\/\/www.youtube.com\/embed\/-sY2JNSO1GM?feature=oembed\" frameborder=\"0\" allow=\"accelerometer; autoplay; clipboard-write; encrypted-media; gyroscope; picture-in-picture; web-share\" referrerpolicy=\"strict-origin-when-cross-origin\" allowfullscreen><\/iframe>\n<\/div><\/figure>\n<\/div>\n\n\n\n<div class=\"wp-block-column is-layout-flow wp-block-column-is-layout-flow\">\n<figure class=\"wp-block-embed aligncenter is-type-video is-provider-youtube wp-block-embed-youtube wp-embed-aspect-16-9 wp-has-aspect-ratio\"><div class=\"wp-block-embed__wrapper\">\n<iframe loading=\"lazy\" title=\"T\u00e4yskiinte\u00e4 akku uskomattomilla spekseill\u00e4 \u2013 Donut Labs, Donut Battery, Donut Motor \u2013 mist\u00e4 on kyse?\" width=\"500\" height=\"281\" src=\"https:\/\/www.youtube.com\/embed\/ge-OskgUM6Y?feature=oembed\" frameborder=\"0\" allow=\"accelerometer; autoplay; clipboard-write; encrypted-media; gyroscope; picture-in-picture; web-share\" referrerpolicy=\"strict-origin-when-cross-origin\" allowfullscreen><\/iframe>\n<\/div><\/figure>\n<\/div>\n<\/div>\n","protected":false},"excerpt":{"rendered":"<p>Media studio We offer a calm,&nbsp;budget friendly video studiospace, with all the necessary gear and support you need. Our studio is ready to service on a short notice. The studio [&hellip;]<\/p>\n","protected":false},"author":1,"featured_media":0,"parent":0,"menu_order":0,"comment_status":"closed","ping_status":"closed","template":"","meta":{"_monsterinsights_skip_tracking":false,"_monsterinsights_sitenote_active":false,"_monsterinsights_sitenote_note":"","_monsterinsights_sitenote_category":0,"_EventAllDay":false,"_EventTimezone":"","_EventStartDate":"","_EventEndDate":"","_EventStartDateUTC":"","_EventEndDateUTC":"","_EventShowMap":false,"_EventShowMapLink":false,"_EventURL":"","_EventCost":"","_EventCostDescription":"","_EventCurrencySymbol":"","_EventCurrencyCode":"","_EventCurrencyPosition":"","_EventDateTimeSeparator":"","_EventTimeRangeSeparator":"","_EventOrganizerID":[],"_EventVenueID":[],"_OrganizerEmail":"","_OrganizerPhone":"","_OrganizerWebsite":"","_VenueAddress":"","_VenueCity":"","_VenueCountry":"","_VenueProvince":"","_VenueState":"","_VenueZip":"","_VenuePhone":"","_VenueURL":"","_VenueStateProvince":"","_VenueLat":"","_VenueLng":"","_VenueShowMap":false,"_VenueShowMapLink":false,"footnotes":""},"class_list":["post-727","page","type-page","status-publish","hentry"],"yoast_head":"<!-- This site is optimized with the Yoast SEO plugin v23.8 - https:\/\/yoast.com\/wordpress\/plugins\/seo\/ -->\n<title>Media studio<\/title>\n<meta name=\"description\" content=\"Media studio We offer a calm,&nbsp;budget friendly video studiospace, with all the necessary gear and support you need. Our studio is ready to service on\" \/>\n<meta name=\"robots\" content=\"index, follow, max-snippet:-1, max-image-preview:large, max-video-preview:-1\" \/>\n<link rel=\"canonical\" href=\"https:\/\/wic.fi\/?page_id=727\" \/>\n<meta property=\"og:locale\" content=\"en_US\" \/>\n<meta property=\"og:type\" content=\"article\" \/>\n<meta property=\"og:title\" content=\"Media studio\" \/>\n<meta property=\"og:description\" content=\"Media studio We offer a calm,&nbsp;budget friendly video studiospace, with all the necessary gear and support you need. Our studio is ready to service on\" \/>\n<meta property=\"og:url\" content=\"https:\/\/wic.fi\/?page_id=727\" \/>\n<meta property=\"og:site_name\" content=\"Wasa Innovation Center\" \/>\n<meta property=\"article:modified_time\" content=\"2026-04-23T06:37:27+00:00\" \/>\n<meta name=\"twitter:card\" content=\"summary_large_image\" \/>\n<meta name=\"twitter:label1\" content=\"Est. reading time\" \/>\n\t<meta name=\"twitter:data1\" content=\"1 minute\" \/>\n<script type=\"application\/ld+json\" class=\"yoast-schema-graph\">{\"@context\":\"https:\/\/schema.org\",\"@graph\":[{\"@type\":\"WebPage\",\"@id\":\"https:\/\/wic.fi\/?page_id=727\",\"url\":\"https:\/\/wic.fi\/?page_id=727\",\"name\":\"Media studio\",\"isPartOf\":{\"@id\":\"https:\/\/wic.fi\/#website\"},\"datePublished\":\"2026-04-15T08:30:56+00:00\",\"dateModified\":\"2026-04-23T06:37:27+00:00\",\"description\":\"Media studio We offer a calm,&nbsp;budget friendly video studiospace, with all the necessary gear and support you need. Our studio is ready to service on\",\"breadcrumb\":{\"@id\":\"https:\/\/wic.fi\/?page_id=727#breadcrumb\"},\"inLanguage\":\"en-US\",\"potentialAction\":[{\"@type\":\"ReadAction\",\"target\":[\"https:\/\/wic.fi\/?page_id=727\"]}]},{\"@type\":\"BreadcrumbList\",\"@id\":\"https:\/\/wic.fi\/?page_id=727#breadcrumb\",\"itemListElement\":[{\"@type\":\"ListItem\",\"position\":1,\"name\":\"Home\",\"item\":\"https:\/\/wic.fi\/\"},{\"@type\":\"ListItem\",\"position\":2,\"name\":\"Media studio\"}]},{\"@type\":\"WebSite\",\"@id\":\"https:\/\/wic.fi\/#website\",\"url\":\"https:\/\/wic.fi\/\",\"name\":\"Wasa Innovation Center\",\"description\":\"Redefining modern life\",\"publisher\":{\"@id\":\"https:\/\/wic.fi\/#organization\"},\"potentialAction\":[{\"@type\":\"SearchAction\",\"target\":{\"@type\":\"EntryPoint\",\"urlTemplate\":\"https:\/\/wic.fi\/?s={search_term_string}\"},\"query-input\":{\"@type\":\"PropertyValueSpecification\",\"valueRequired\":true,\"valueName\":\"search_term_string\"}}],\"inLanguage\":\"en-US\"},{\"@type\":\"Organization\",\"@id\":\"https:\/\/wic.fi\/#organization\",\"name\":\"Wasa Innovation Center\",\"url\":\"https:\/\/wic.fi\/\",\"logo\":{\"@type\":\"ImageObject\",\"inLanguage\":\"en-US\",\"@id\":\"https:\/\/wic.fi\/#\/schema\/logo\/image\/\",\"url\":\"https:\/\/i0.wp.com\/wic.fi\/wp-content\/uploads\/2021\/12\/WIC_logo_short_gold.jpg?fit=99%2C142&ssl=1\",\"contentUrl\":\"https:\/\/i0.wp.com\/wic.fi\/wp-content\/uploads\/2021\/12\/WIC_logo_short_gold.jpg?fit=99%2C142&ssl=1\",\"width\":99,\"height\":142,\"caption\":\"Wasa Innovation Center\"},\"image\":{\"@id\":\"https:\/\/wic.fi\/#\/schema\/logo\/image\/\"},\"sameAs\":[\"https:\/\/www.instagram.com\/wic_science\/\",\"https:\/\/www.linkedin.com\/company\/wasa-innovation-center\",\"https:\/\/www.youtube.com\/c\/WICScienceChannel\/\"]}]}<\/script>\n<!-- \/ Yoast SEO plugin. -->","yoast_head_json":{"title":"Media studio","description":"Media studio We offer a calm,&nbsp;budget friendly video studiospace, with all the necessary gear and support you need. Our studio is ready to service on","robots":{"index":"index","follow":"follow","max-snippet":"max-snippet:-1","max-image-preview":"max-image-preview:large","max-video-preview":"max-video-preview:-1"},"canonical":"https:\/\/wic.fi\/?page_id=727","og_locale":"en_US","og_type":"article","og_title":"Media studio","og_description":"Media studio We offer a calm,&nbsp;budget friendly video studiospace, with all the necessary gear and support you need. Our studio is ready to service on","og_url":"https:\/\/wic.fi\/?page_id=727","og_site_name":"Wasa Innovation Center","article_modified_time":"2026-04-23T06:37:27+00:00","twitter_card":"summary_large_image","twitter_misc":{"Est. reading time":"1 minute"},"schema":{"@context":"https:\/\/schema.org","@graph":[{"@type":"WebPage","@id":"https:\/\/wic.fi\/?page_id=727","url":"https:\/\/wic.fi\/?page_id=727","name":"Media studio","isPartOf":{"@id":"https:\/\/wic.fi\/#website"},"datePublished":"2026-04-15T08:30:56+00:00","dateModified":"2026-04-23T06:37:27+00:00","description":"Media studio We offer a calm,&nbsp;budget friendly video studiospace, with all the necessary gear and support you need. Our studio is ready to service on","breadcrumb":{"@id":"https:\/\/wic.fi\/?page_id=727#breadcrumb"},"inLanguage":"en-US","potentialAction":[{"@type":"ReadAction","target":["https:\/\/wic.fi\/?page_id=727"]}]},{"@type":"BreadcrumbList","@id":"https:\/\/wic.fi\/?page_id=727#breadcrumb","itemListElement":[{"@type":"ListItem","position":1,"name":"Home","item":"https:\/\/wic.fi\/"},{"@type":"ListItem","position":2,"name":"Media studio"}]},{"@type":"WebSite","@id":"https:\/\/wic.fi\/#website","url":"https:\/\/wic.fi\/","name":"Wasa Innovation Center","description":"Redefining modern life","publisher":{"@id":"https:\/\/wic.fi\/#organization"},"potentialAction":[{"@type":"SearchAction","target":{"@type":"EntryPoint","urlTemplate":"https:\/\/wic.fi\/?s={search_term_string}"},"query-input":{"@type":"PropertyValueSpecification","valueRequired":true,"valueName":"search_term_string"}}],"inLanguage":"en-US"},{"@type":"Organization","@id":"https:\/\/wic.fi\/#organization","name":"Wasa Innovation Center","url":"https:\/\/wic.fi\/","logo":{"@type":"ImageObject","inLanguage":"en-US","@id":"https:\/\/wic.fi\/#\/schema\/logo\/image\/","url":"https:\/\/i0.wp.com\/wic.fi\/wp-content\/uploads\/2021\/12\/WIC_logo_short_gold.jpg?fit=99%2C142&ssl=1","contentUrl":"https:\/\/i0.wp.com\/wic.fi\/wp-content\/uploads\/2021\/12\/WIC_logo_short_gold.jpg?fit=99%2C142&ssl=1","width":99,"height":142,"caption":"Wasa Innovation Center"},"image":{"@id":"https:\/\/wic.fi\/#\/schema\/logo\/image\/"},"sameAs":["https:\/\/www.instagram.com\/wic_science\/","https:\/\/www.linkedin.com\/company\/wasa-innovation-center","https:\/\/www.youtube.com\/c\/WICScienceChannel\/"]}]}},"_links":{"self":[{"href":"https:\/\/wic.fi\/index.php?rest_route=\/wp\/v2\/pages\/727","targetHints":{"allow":["GET"]}}],"collection":[{"href":"https:\/\/wic.fi\/index.php?rest_route=\/wp\/v2\/pages"}],"about":[{"href":"https:\/\/wic.fi\/index.php?rest_route=\/wp\/v2\/types\/page"}],"author":[{"embeddable":true,"href":"https:\/\/wic.fi\/index.php?rest_route=\/wp\/v2\/users\/1"}],"replies":[{"embeddable":true,"href":"https:\/\/wic.fi\/index.php?rest_route=%2Fwp%2Fv2%2Fcomments&post=727"}],"version-history":[{"count":31,"href":"https:\/\/wic.fi\/index.php?rest_route=\/wp\/v2\/pages\/727\/revisions"}],"predecessor-version":[{"id":1148,"href":"https:\/\/wic.fi\/index.php?rest_route=\/wp\/v2\/pages\/727\/revisions\/1148"}],"wp:attachment":[{"href":"https:\/\/wic.fi\/index.php?rest_route=%2Fwp%2Fv2%2Fmedia&parent=727"}],"curies":[{"name":"wp","href":"https:\/\/api.w.org\/{rel}","templated":true}]}}