{"id":770,"date":"2026-04-15T10:07:46","date_gmt":"2026-04-15T08:07:46","guid":{"rendered":"https:\/\/wic.fi\/?page_id=770"},"modified":"2026-04-21T12:47:55","modified_gmt":"2026-04-21T10:47:55","slug":"projects-of-fundamental-interest-2","status":"publish","type":"page","link":"https:\/\/wic.fi\/?page_id=770","title":{"rendered":"Projects of fundamental interest"},"content":{"rendered":"\n<div style=\"height:39px\" aria-hidden=\"true\" class=\"wp-block-spacer\"><\/div>\n\n\n\n<h2 class=\"wp-block-heading has-text-align-center\" style=\"font-size:clamp(33.419px, 2.089rem + ((1vw - 3.2px) * 2.769), 60px);\">Projects of Fundamental Interest<\/h2>\n\n\n\n<div style=\"height:30px\" aria-hidden=\"true\" class=\"wp-block-spacer\"><\/div>\n\n\n\n<div class=\"wp-block-columns is-layout-flex wp-container-core-columns-is-layout-28f84493 wp-block-columns-is-layout-flex\">\n<div class=\"wp-block-column is-layout-flow wp-block-column-is-layout-flow\">\n<div class=\"wp-block-group is-vertical is-layout-flex wp-container-core-group-is-layout-fe9cc265 wp-block-group-is-layout-flex\">\n<h2 class=\"wp-block-heading\" style=\"font-size:clamp(21.536px, 1.346rem + ((1vw - 3.2px) * 1.403), 35px);\">Science<\/h2>\n\n\n\n<div class=\"wp-block-group is-vertical is-layout-flex wp-container-core-group-is-layout-fe9cc265 wp-block-group-is-layout-flex\">\n<details class=\"wp-block-details is-layout-flow wp-block-details-is-layout-flow\" style=\"font-size:clamp(14px, 0.875rem + ((1vw - 3.2px) * 0.625), 20px);\"><summary>Robotics\/Machine learning<\/summary>\n<p>Bringing state of the art tech knowledge to companies, educational institutes, and the public.<\/p>\n\n\n\n<p>Public meetings and forums to be arranged.<br>Ambassador: Sami Kivioja<\/p>\n<\/details>\n<\/div>\n<\/div>\n\n\n\n<details class=\"wp-block-details is-layout-flow wp-block-details-is-layout-flow\" style=\"font-size:clamp(14px, 0.875rem + ((1vw - 3.2px) * 0.625), 20px);\"><summary>Living Lab Education<\/summary>\n<p>Taking school classes out of the classroom to learn by getting familiar with real life phenomena&#8217;s. Creating a database of tasks and methods for teachers to utilize with their classes.<br>Currently mapping out suitable companies and places to visit.<br>Ambassadors:&nbsp;<a href=\"mailto:alexandra.wasberg@gmail.com\">Alexandra Wasberg<\/a>, Emma Dahl &amp; Nina S\u00f6derberg.<\/p>\n<\/details>\n\n\n\n<details class=\"wp-block-details is-layout-flow wp-block-details-is-layout-flow\" style=\"font-size:clamp(14px, 0.875rem + ((1vw - 3.2px) * 0.625), 20px);\"><summary>WIC Science News<\/summary>\n<p>WIC Science News provides you with the latest news in science, in an understandable way, even for ordinary people.<\/p>\n\n\n\n<p><a href=\"https:\/\/www.youtube.com\/c\/WICScienceChannel\/\" target=\"_blank\" rel=\"noreferrer noopener\">Click here to get informed on what&#8217;s going on in the exciting world of science!<\/a><\/p>\n\n\n\n<p>Contact&nbsp;<a href=\"mailto:sami.pontinen@wic.fi\">sami.pontinen@wic.fi<\/a><\/p>\n<\/details>\n\n\n\n<details class=\"wp-block-details is-layout-flow wp-block-details-is-layout-flow\" style=\"font-size:clamp(14px, 0.875rem + ((1vw - 3.2px) * 0.625), 20px);\"><summary>New Regional Health initiatives <\/summary>\n<p>Robotization, sensors and new companies, Cooperation with Ume\u00e5 Biotech Incubator.<\/p>\n<\/details>\n\n\n\n<details class=\"wp-block-details has-medium-font-size is-layout-flow wp-block-details-is-layout-flow\"><summary>Sensortech<\/summary>\n<p>Printed optical sensors.<br>Abassors:&nbsp;<a href=\"mailto:sture.udd@upc.fi\">Sture Udd<\/a>&nbsp;&amp; Jari Isohanni<\/p>\n<\/details>\n\n\n\n<details class=\"wp-block-details is-layout-flow wp-block-details-is-layout-flow\" style=\"font-size:clamp(14px, 0.875rem + ((1vw - 3.2px) * 0.625), 20px);\"><summary>Deep Science into practice<\/summary>\n<p>Fotonics, muon-detector.<br>Ambassadors: Sture Udd &amp; Risto Orava<\/p>\n<\/details>\n<\/div>\n\n\n\n<div class=\"wp-block-column is-layout-flow wp-block-column-is-layout-flow\">\n<div class=\"wp-block-group is-vertical is-layout-flex wp-container-core-group-is-layout-fe9cc265 wp-block-group-is-layout-flex\">\n<h2 class=\"wp-block-heading\" style=\"font-size:clamp(21.536px, 1.346rem + ((1vw - 3.2px) * 1.403), 35px);\">Economy<\/h2>\n<\/div>\n\n\n\n<details class=\"wp-block-details is-layout-flow wp-block-details-is-layout-flow\" style=\"font-size:clamp(14px, 0.875rem + ((1vw - 3.2px) * 0.625), 20px);\"><summary>Vaasa Startup Ecosystem<\/summary>\n<p>Bringing together the organizations and the people associated or interested in the startup scene, to create a lucrative startup environment in Ostrobothnia.<\/p>\n\n\n\n<p>Monthly gatherings, networking and specific topics.<\/p>\n<\/details>\n\n\n\n<details class=\"wp-block-details is-layout-flow wp-block-details-is-layout-flow\" style=\"font-size:clamp(14px, 0.875rem + ((1vw - 3.2px) * 0.625), 20px);\"><summary>Nordic Invest Wasa VC<\/summary>\n<p>A group of investors focusing on impact investing in Ostrobothnia.<br>Currently forming the model for seed investing.<br>Ambassador: Maria \u00d6sterg\u00e5rd K\u00e4ld<\/p>\n<\/details>\n\n\n\n<details class=\"wp-block-details is-layout-flow wp-block-details-is-layout-flow\" style=\"font-size:clamp(14px, 0.875rem + ((1vw - 3.2px) * 0.625), 20px);\"><summary>Circular Ecosystem<\/summary>\n<p>This working group is formed in January 2022.<\/p>\n<\/details>\n\n\n\n<details class=\"wp-block-details is-layout-flow wp-block-details-is-layout-flow\" style=\"font-size:clamp(14px, 0.875rem + ((1vw - 3.2px) * 0.625), 20px);\"><summary>Local Economy and Haymarket<\/summary>\n<p>Ongoing work to promote and improve the quality of local products and local producers, now involving 60 Ostrobothnian producers.<br>Ambassador&nbsp;<a href=\"mailto:ira.mikkonen@bcv.fi\">Ira Mikkonen<\/a><\/p>\n<\/details>\n\n\n\n<details class=\"wp-block-details is-layout-flow wp-block-details-is-layout-flow\" style=\"font-size:clamp(14px, 0.875rem + ((1vw - 3.2px) * 0.625), 20px);\"><summary>EnergySampo Fund<\/summary>\n<p>System level approach.<br>Ambassadors:&nbsp;<a href=\"mailto:sture.udd@upc.fi\">Sture Udd<\/a>, Stefan Damlin &amp; Jarmo Saaranen<\/p>\n<\/details>\n\n\n\n<details class=\"wp-block-details is-layout-flow wp-block-details-is-layout-flow\" style=\"font-size:clamp(14px, 0.875rem + ((1vw - 3.2px) * 0.625), 20px);\"><summary>Cryptobotnia<\/summary>\n<p>Together with researchers from the university and other local crypto specialists we formed a local crypto\/blockchain community. We will organize events for both beginners and those already versed in the world of crypto.<br>Make sure to tell your crypto-curious friends about it, and also remember to join our community channel on Discord:&nbsp;<a href=\"https:\/\/lnkd.in\/dbxfCPV8\">https:\/\/lnkd.in\/dbxfCPV8<\/a><br>Ambassador: Daniel Yap<\/p>\n<\/details>\n<\/div>\n\n\n\n<div class=\"wp-block-column has-medium-font-size is-layout-flow wp-block-column-is-layout-flow\">\n<div class=\"wp-block-group has-medium-font-size is-vertical is-layout-flex wp-container-core-group-is-layout-fe9cc265 wp-block-group-is-layout-flex\">\n<h2 class=\"wp-block-heading\" style=\"font-size:clamp(21.536px, 1.346rem + ((1vw - 3.2px) * 1.403), 35px);\">Culture<\/h2>\n\n\n\n<details class=\"wp-block-details is-layout-flow wp-block-details-is-layout-flow\" style=\"font-size:clamp(14px, 0.875rem + ((1vw - 3.2px) * 0.625), 20px);\"><summary>Culture 3.0<\/summary>\n<p>Whatever the problem, culture is the solution! Four main spheres in which culture can and will play a significant role to enhance society:<\/p>\n\n\n\n<ol class=\"wp-block-list\">\n<li>Health and Wellbeing.<br>Improving health and quality of life by spending less. How?<\/li>\n\n\n\n<li>Innovation<br>People are scared of new ideas. Culture has the power to affect how we perceive and receive new ideas.<\/li>\n\n\n\n<li>Education and self worth<\/li>\n\n\n\n<li>Green Transition and Environmental Sustainability<\/li>\n<\/ol>\n\n\n\n<p>The key word is&nbsp;<strong>inclusion<\/strong>. Its the active participation of citizens, in different forms of culture, which makes all the difference. This is what all our projects related to culture are aiming for.<\/p>\n<\/details>\n<\/div>\n\n\n\n<details class=\"wp-block-details is-layout-flow wp-block-details-is-layout-flow\" style=\"font-size:clamp(14px, 0.875rem + ((1vw - 3.2px) * 0.625), 20px);\"><summary>New Media For Ostrobothnia<\/summary>\n<p>The media sector needs re-thinking, the old way of doing things is obsolete. This work group focuses on topics of the future and new innovative methods that change the media landscape.<\/p>\n\n\n\n<p>Vaasa Insider, Botnia Insider, Vaasa International, WIC Science Channel, Mega.<br>Ambassador : Peter Stolpe<\/p>\n<\/details>\n<\/div>\n<\/div>\n\n\n\n<div style=\"height:100px\" aria-hidden=\"true\" class=\"wp-block-spacer\"><\/div>\n\n\n\n<div class=\"wp-block-columns is-layout-flex wp-container-core-columns-is-layout-28f84493 wp-block-columns-is-layout-flex\">\n<div class=\"wp-block-column is-layout-flow wp-block-column-is-layout-flow\">\n<h2 class=\"wp-block-heading\" style=\"font-size:clamp(21.536px, 1.346rem + ((1vw - 3.2px) * 1.403), 35px);\">Smart City<\/h2>\n\n\n\n<details class=\"wp-block-details is-layout-flow wp-block-details-is-layout-flow\" style=\"font-size:clamp(14px, 0.875rem + ((1vw - 3.2px) * 0.625), 20px);\"><summary>Wasa Water City<\/summary>\n<p>Part of the Smart City concept, we are pushing for city planning and construction that inspires, and in which the sea is being utilized, something that currently is neglected. The current city plan was created in the mid 1800\u2019s, and it managed to fulfill the needs of the rise of new technologies, such as the car, and industrial development.<\/p>\n\n\n\n<p>Now as we are moving into the metaverse, our need for space and our very way of life is at a turning point.<\/p>\n<\/details>\n<\/div>\n\n\n\n<div class=\"wp-block-column is-layout-flow wp-block-column-is-layout-flow\">\n<h2 class=\"wp-block-heading\" style=\"font-size:clamp(21.536px, 1.346rem + ((1vw - 3.2px) * 1.403), 35px);\">Ubiquitous<\/h2>\n\n\n\n<details class=\"wp-block-details is-layout-flow wp-block-details-is-layout-flow\" style=\"font-size:clamp(14px, 0.875rem + ((1vw - 3.2px) * 0.625), 20px);\"><summary>Wasa Future Festival<\/summary>\n<p>The main project of WIC, Wasa Future Festival ties together all the development projects and working groups. The physical event, taking place at the end of the summer, is a culmination point for the work done throughout the year.<\/p>\n\n\n\n<p><\/p>\n<\/details>\n<\/div>\n\n\n\n<div class=\"wp-block-column is-layout-flow wp-block-column-is-layout-flow\">\n<h2 class=\"wp-block-heading\" style=\"font-size:clamp(21.536px, 1.346rem + ((1vw - 3.2px) * 1.403), 35px);\">Feeling creative?<\/h2>\n\n\n\n<div class=\"wp-block-buttons is-layout-flex wp-block-buttons-is-layout-flex\">\n<div class=\"wp-block-button has-custom-width wp-block-button__width-100\"><a class=\"wp-block-button__link has-custom-font-size wp-element-button\" href=\"https:\/\/docs.google.com\/forms\/d\/e\/1FAIpQLSeyaWucpFk2ZngrVkbcNiziq8ARoABMCz22FeOFUcFk4hY96g\/viewform?pli=1\" style=\"font-size:clamp(14px, 0.875rem + ((1vw - 3.2px) * 0.104), 15px);\" target=\"_blank\" rel=\"noreferrer noopener\">Add a group!<\/a><\/div>\n<\/div>\n<\/div>\n<\/div>\n\n\n\n<div style=\"height:100px\" aria-hidden=\"true\" class=\"wp-block-spacer\"><\/div>\n\n\n\n<div class=\"wp-block-cover alignfull is-light has-parallax\" style=\"min-height:400px;aspect-ratio:unset;\"><div class=\"wp-block-cover__image-background wp-image-1053 size-full has-parallax\" style=\"background-position:50% 50%;background-image:url(https:\/\/wic.fi\/wp-content\/uploads\/2026\/04\/DSC0190-scaled.jpg)\"><\/div><span aria-hidden=\"true\" class=\"wp-block-cover__background has-background-dim-0 has-background-dim\" style=\"background-color:#000000\"><\/span><div class=\"wp-block-cover__inner-container is-layout-flow wp-block-cover-is-layout-flow\">\n<p><\/p>\n<\/div><\/div>\n","protected":false},"excerpt":{"rendered":"<p>Projects of Fundamental Interest Science Economy Culture Smart City Ubiquitous Feeling creative?<\/p>\n","protected":false},"author":1,"featured_media":0,"parent":0,"menu_order":0,"comment_status":"closed","ping_status":"closed","template":"","meta":{"_monsterinsights_skip_tracking":false,"_monsterinsights_sitenote_active":false,"_monsterinsights_sitenote_note":"","_monsterinsights_sitenote_category":0,"_EventAllDay":false,"_EventTimezone":"","_EventStartDate":"","_EventEndDate":"","_EventStartDateUTC":"","_EventEndDateUTC":"","_EventShowMap":false,"_EventShowMapLink":false,"_EventURL":"","_EventCost":"","_EventCostDescription":"","_EventCurrencySymbol":"","_EventCurrencyCode":"","_EventCurrencyPosition":"","_EventDateTimeSeparator":"","_EventTimeRangeSeparator":"","_EventOrganizerID":[],"_EventVenueID":[],"_OrganizerEmail":"","_OrganizerPhone":"","_OrganizerWebsite":"","_VenueAddress":"","_VenueCity":"","_VenueCountry":"","_VenueProvince":"","_VenueState":"","_VenueZip":"","_VenuePhone":"","_VenueURL":"","_VenueStateProvince":"","_VenueLat":"","_VenueLng":"","_VenueShowMap":false,"_VenueShowMapLink":false,"footnotes":""},"class_list":["post-770","page","type-page","status-publish","hentry"],"yoast_head":"<!-- This site is optimized with the Yoast SEO plugin v23.8 - https:\/\/yoast.com\/wordpress\/plugins\/seo\/ -->\n<title>Projects of fundamental interest<\/title>\n<meta name=\"description\" content=\"Projects of Fundamental Interest Science Robotics\/Machine learning Bringing state of the art tech knowledge to companies, educational institutes, and the\" \/>\n<meta name=\"robots\" content=\"index, follow, max-snippet:-1, max-image-preview:large, max-video-preview:-1\" \/>\n<link rel=\"canonical\" href=\"https:\/\/wic.fi\/?page_id=770\" \/>\n<meta property=\"og:locale\" content=\"en_US\" \/>\n<meta property=\"og:type\" content=\"article\" \/>\n<meta property=\"og:title\" content=\"Projects of fundamental interest\" \/>\n<meta property=\"og:description\" content=\"Projects of Fundamental Interest Science Robotics\/Machine learning Bringing state of the art tech knowledge to companies, educational institutes, and the\" \/>\n<meta property=\"og:url\" content=\"https:\/\/wic.fi\/?page_id=770\" \/>\n<meta property=\"og:site_name\" content=\"Wasa Innovation Center\" \/>\n<meta property=\"article:modified_time\" content=\"2026-04-21T10:47:55+00:00\" \/>\n<meta name=\"twitter:card\" content=\"summary_large_image\" \/>\n<meta name=\"twitter:label1\" content=\"Est. reading time\" \/>\n\t<meta name=\"twitter:data1\" content=\"3 minutes\" \/>\n<script type=\"application\/ld+json\" class=\"yoast-schema-graph\">{\"@context\":\"https:\/\/schema.org\",\"@graph\":[{\"@type\":\"WebPage\",\"@id\":\"https:\/\/wic.fi\/?page_id=770\",\"url\":\"https:\/\/wic.fi\/?page_id=770\",\"name\":\"Projects of fundamental interest\",\"isPartOf\":{\"@id\":\"https:\/\/wic.fi\/#website\"},\"datePublished\":\"2026-04-15T08:07:46+00:00\",\"dateModified\":\"2026-04-21T10:47:55+00:00\",\"description\":\"Projects of Fundamental Interest Science Robotics\/Machine learning Bringing state of the art tech knowledge to companies, educational institutes, and the\",\"breadcrumb\":{\"@id\":\"https:\/\/wic.fi\/?page_id=770#breadcrumb\"},\"inLanguage\":\"en-US\",\"potentialAction\":[{\"@type\":\"ReadAction\",\"target\":[\"https:\/\/wic.fi\/?page_id=770\"]}]},{\"@type\":\"BreadcrumbList\",\"@id\":\"https:\/\/wic.fi\/?page_id=770#breadcrumb\",\"itemListElement\":[{\"@type\":\"ListItem\",\"position\":1,\"name\":\"Home\",\"item\":\"https:\/\/wic.fi\/\"},{\"@type\":\"ListItem\",\"position\":2,\"name\":\"Projects of fundamental interest\"}]},{\"@type\":\"WebSite\",\"@id\":\"https:\/\/wic.fi\/#website\",\"url\":\"https:\/\/wic.fi\/\",\"name\":\"Wasa Innovation Center\",\"description\":\"Redefining modern life\",\"publisher\":{\"@id\":\"https:\/\/wic.fi\/#organization\"},\"potentialAction\":[{\"@type\":\"SearchAction\",\"target\":{\"@type\":\"EntryPoint\",\"urlTemplate\":\"https:\/\/wic.fi\/?s={search_term_string}\"},\"query-input\":{\"@type\":\"PropertyValueSpecification\",\"valueRequired\":true,\"valueName\":\"search_term_string\"}}],\"inLanguage\":\"en-US\"},{\"@type\":\"Organization\",\"@id\":\"https:\/\/wic.fi\/#organization\",\"name\":\"Wasa Innovation Center\",\"url\":\"https:\/\/wic.fi\/\",\"logo\":{\"@type\":\"ImageObject\",\"inLanguage\":\"en-US\",\"@id\":\"https:\/\/wic.fi\/#\/schema\/logo\/image\/\",\"url\":\"https:\/\/i0.wp.com\/wic.fi\/wp-content\/uploads\/2021\/12\/WIC_logo_short_gold.jpg?fit=99%2C142&ssl=1\",\"contentUrl\":\"https:\/\/i0.wp.com\/wic.fi\/wp-content\/uploads\/2021\/12\/WIC_logo_short_gold.jpg?fit=99%2C142&ssl=1\",\"width\":99,\"height\":142,\"caption\":\"Wasa Innovation Center\"},\"image\":{\"@id\":\"https:\/\/wic.fi\/#\/schema\/logo\/image\/\"},\"sameAs\":[\"https:\/\/www.instagram.com\/wic_science\/\",\"https:\/\/www.linkedin.com\/company\/wasa-innovation-center\",\"https:\/\/www.youtube.com\/c\/WICScienceChannel\/\"]}]}<\/script>\n<!-- \/ Yoast SEO plugin. -->","yoast_head_json":{"title":"Projects of fundamental interest","description":"Projects of Fundamental Interest Science Robotics\/Machine learning Bringing state of the art tech knowledge to companies, educational institutes, and the","robots":{"index":"index","follow":"follow","max-snippet":"max-snippet:-1","max-image-preview":"max-image-preview:large","max-video-preview":"max-video-preview:-1"},"canonical":"https:\/\/wic.fi\/?page_id=770","og_locale":"en_US","og_type":"article","og_title":"Projects of fundamental interest","og_description":"Projects of Fundamental Interest Science Robotics\/Machine learning Bringing state of the art tech knowledge to companies, educational institutes, and the","og_url":"https:\/\/wic.fi\/?page_id=770","og_site_name":"Wasa Innovation Center","article_modified_time":"2026-04-21T10:47:55+00:00","twitter_card":"summary_large_image","twitter_misc":{"Est. reading time":"3 minutes"},"schema":{"@context":"https:\/\/schema.org","@graph":[{"@type":"WebPage","@id":"https:\/\/wic.fi\/?page_id=770","url":"https:\/\/wic.fi\/?page_id=770","name":"Projects of fundamental interest","isPartOf":{"@id":"https:\/\/wic.fi\/#website"},"datePublished":"2026-04-15T08:07:46+00:00","dateModified":"2026-04-21T10:47:55+00:00","description":"Projects of Fundamental Interest Science Robotics\/Machine learning Bringing state of the art tech knowledge to companies, educational institutes, and the","breadcrumb":{"@id":"https:\/\/wic.fi\/?page_id=770#breadcrumb"},"inLanguage":"en-US","potentialAction":[{"@type":"ReadAction","target":["https:\/\/wic.fi\/?page_id=770"]}]},{"@type":"BreadcrumbList","@id":"https:\/\/wic.fi\/?page_id=770#breadcrumb","itemListElement":[{"@type":"ListItem","position":1,"name":"Home","item":"https:\/\/wic.fi\/"},{"@type":"ListItem","position":2,"name":"Projects of fundamental interest"}]},{"@type":"WebSite","@id":"https:\/\/wic.fi\/#website","url":"https:\/\/wic.fi\/","name":"Wasa Innovation Center","description":"Redefining modern life","publisher":{"@id":"https:\/\/wic.fi\/#organization"},"potentialAction":[{"@type":"SearchAction","target":{"@type":"EntryPoint","urlTemplate":"https:\/\/wic.fi\/?s={search_term_string}"},"query-input":{"@type":"PropertyValueSpecification","valueRequired":true,"valueName":"search_term_string"}}],"inLanguage":"en-US"},{"@type":"Organization","@id":"https:\/\/wic.fi\/#organization","name":"Wasa Innovation Center","url":"https:\/\/wic.fi\/","logo":{"@type":"ImageObject","inLanguage":"en-US","@id":"https:\/\/wic.fi\/#\/schema\/logo\/image\/","url":"https:\/\/i0.wp.com\/wic.fi\/wp-content\/uploads\/2021\/12\/WIC_logo_short_gold.jpg?fit=99%2C142&ssl=1","contentUrl":"https:\/\/i0.wp.com\/wic.fi\/wp-content\/uploads\/2021\/12\/WIC_logo_short_gold.jpg?fit=99%2C142&ssl=1","width":99,"height":142,"caption":"Wasa Innovation Center"},"image":{"@id":"https:\/\/wic.fi\/#\/schema\/logo\/image\/"},"sameAs":["https:\/\/www.instagram.com\/wic_science\/","https:\/\/www.linkedin.com\/company\/wasa-innovation-center","https:\/\/www.youtube.com\/c\/WICScienceChannel\/"]}]}},"_links":{"self":[{"href":"https:\/\/wic.fi\/index.php?rest_route=\/wp\/v2\/pages\/770","targetHints":{"allow":["GET"]}}],"collection":[{"href":"https:\/\/wic.fi\/index.php?rest_route=\/wp\/v2\/pages"}],"about":[{"href":"https:\/\/wic.fi\/index.php?rest_route=\/wp\/v2\/types\/page"}],"author":[{"embeddable":true,"href":"https:\/\/wic.fi\/index.php?rest_route=\/wp\/v2\/users\/1"}],"replies":[{"embeddable":true,"href":"https:\/\/wic.fi\/index.php?rest_route=%2Fwp%2Fv2%2Fcomments&post=770"}],"version-history":[{"count":32,"href":"https:\/\/wic.fi\/index.php?rest_route=\/wp\/v2\/pages\/770\/revisions"}],"predecessor-version":[{"id":1072,"href":"https:\/\/wic.fi\/index.php?rest_route=\/wp\/v2\/pages\/770\/revisions\/1072"}],"wp:attachment":[{"href":"https:\/\/wic.fi\/index.php?rest_route=%2Fwp%2Fv2%2Fmedia&parent=770"}],"curies":[{"name":"wp","href":"https:\/\/api.w.org\/{rel}","templated":true}]}}